{"id":1955,"date":"2025-11-03T12:22:30","date_gmt":"2025-11-03T11:22:30","guid":{"rendered":"https:\/\/langbeenduitsetopwijn.2.prospace.be\/?page_id=1955"},"modified":"2025-11-12T10:49:43","modified_gmt":"2025-11-12T09:49:43","slug":"abonnementsformule","status":"publish","type":"page","link":"https:\/\/langbeenduitsetopwijn.be\/fr\/formule-dabonnement\/","title":{"rendered":"Formule d'abonnement"},"content":{"rendered":"<div data-elementor-type=\"wp-page\" data-elementor-id=\"1955\" class=\"elementor elementor-1955\" data-elementor-post-type=\"page\">\n\t\t\t\t\t\t<section class=\"elementor-section elementor-top-section elementor-element elementor-element-55b20acc elementor-section-boxed elementor-section-height-default elementor-section-height-default\" data-id=\"55b20acc\" data-element_type=\"section\" data-settings=\"{&quot;background_background&quot;:&quot;classic&quot;}\">\n\t\t\t\t\t\t\t<div class=\"elementor-background-overlay\"><\/div>\n\t\t\t\t\t\t\t<div class=\"elementor-container elementor-column-gap-default\">\n\t\t\t\t\t<div class=\"elementor-column elementor-col-100 elementor-top-column elementor-element elementor-element-59fecd59\" data-id=\"59fecd59\" data-element_type=\"column\">\n\t\t\t<div class=\"elementor-widget-wrap elementor-element-populated\">\n\t\t\t\t\t\t<div class=\"elementor-element elementor-element-165dbd89 elementor-widget elementor-widget-heading\" data-id=\"165dbd89\" data-element_type=\"widget\" data-settings=\"{&quot;_animation&quot;:&quot;none&quot;}\" data-widget_type=\"heading.default\">\n\t\t\t\t<div class=\"elementor-widget-container\">\n\t\t\t\t\t<h2 class=\"elementor-heading-title elementor-size-default\">Formule d'abonnement<\/h2>\t\t\t\t<\/div>\n\t\t\t\t<\/div>\n\t\t\t\t<div class=\"elementor-element elementor-element-565d3557 elementor-icon-list--layout-inline elementor-align-center elementor-list-item-link-full_width elementor-widget elementor-widget-icon-list\" data-id=\"565d3557\" data-element_type=\"widget\" data-settings=\"{&quot;_animation&quot;:&quot;none&quot;}\" data-widget_type=\"icon-list.default\">\n\t\t\t\t<div class=\"elementor-widget-container\">\n\t\t\t\t\t\t\t<ul class=\"elementor-icon-list-items elementor-inline-items\">\n\t\t\t\t\t\t\t<li class=\"elementor-icon-list-item elementor-inline-item\">\n\t\t\t\t\t\t\t\t\t\t\t<a href=\"\/\">\n\n\t\t\t\t\t\t\t\t\t\t\t<span class=\"elementor-icon-list-text\">Accueil<\/span>\n\t\t\t\t\t\t\t\t\t\t\t<\/a>\n\t\t\t\t\t\t\t\t\t<\/li>\n\t\t\t\t\t\t\t\t<li class=\"elementor-icon-list-item elementor-inline-item\">\n\t\t\t\t\t\t\t\t\t\t\t<a href=\"\/over-ons\">\n\n\t\t\t\t\t\t\t\t\t\t\t\t<span class=\"elementor-icon-list-icon\">\n\t\t\t\t\t\t\t<svg aria-hidden=\"true\" class=\"e-font-icon-svg e-fas-angle-right\" viewbox=\"0 0 256 512\" xmlns=\"http:\/\/www.w3.org\/2000\/svg\"><path d=\"M224.3 273l-136 136c-9.4 9.4-24.6 9.4-33.9 0l-22.6-22.6c-9.4-9.4-9.4-24.6 0-33.9l96.4-96.4-96.4-96.4c-9.4-9.4-9.4-24.6 0-33.9L54.3 103c9.4-9.4 24.6-9.4 33.9 0l136 136c9.5 9.4 9.5 24.6.1 34z\"><\/path><\/svg>\t\t\t\t\t\t<\/span>\n\t\t\t\t\t\t\t\t\t\t<span class=\"elementor-icon-list-text\">Formule d'abonnement<\/span>\n\t\t\t\t\t\t\t\t\t\t\t<\/a>\n\t\t\t\t\t\t\t\t\t<\/li>\n\t\t\t\t\t\t<\/ul>\n\t\t\t\t\t\t<\/div>\n\t\t\t\t<\/div>\n\t\t\t\t\t<\/div>\n\t\t<\/div>\n\t\t\t\t\t<\/div>\n\t\t<\/section>\n\t\t\t\t<section class=\"elementor-section elementor-top-section elementor-element elementor-element-54de22d2 elementor-section-boxed elementor-section-height-default elementor-section-height-default\" data-id=\"54de22d2\" data-element_type=\"section\">\n\t\t\t\t\t\t<div class=\"elementor-container elementor-column-gap-default\">\n\t\t\t\t\t<div class=\"elementor-column elementor-col-50 elementor-top-column elementor-element elementor-element-1948cfd8\" data-id=\"1948cfd8\" data-element_type=\"column\">\n\t\t\t<div class=\"elementor-widget-wrap elementor-element-populated\">\n\t\t\t\t\t\t<div class=\"elementor-element elementor-element-4e67661c elementor-widget__width-initial elementor-widget elementor-widget-heading\" data-id=\"4e67661c\" data-element_type=\"widget\" data-settings=\"{&quot;_animation&quot;:&quot;none&quot;}\" data-widget_type=\"heading.default\">\n\t\t\t\t<div class=\"elementor-widget-container\">\n\t\t\t\t\t<h6 class=\"elementor-heading-title elementor-size-default\">Abonnement vin<\/h6>\t\t\t\t<\/div>\n\t\t\t\t<\/div>\n\t\t\t\t<div class=\"elementor-element elementor-element-758501ed elementor-widget__width-initial elementor-widget elementor-widget-heading\" data-id=\"758501ed\" data-element_type=\"widget\" data-settings=\"{&quot;_animation&quot;:&quot;none&quot;}\" data-widget_type=\"heading.default\">\n\t\t\t\t<div class=\"elementor-widget-container\">\n\t\t\t\t\t<h3 class=\"elementor-heading-title elementor-size-default\">Onze formules d'abonnement<\/h3>\t\t\t\t<\/div>\n\t\t\t\t<\/div>\n\t\t\t\t<div class=\"elementor-element elementor-element-5de5209c elementor-widget__width-initial elementor-widget elementor-widget-text-editor\" data-id=\"5de5209c\" data-element_type=\"widget\" data-settings=\"{&quot;_animation&quot;:&quot;none&quot;}\" data-widget_type=\"text-editor.default\">\n\t\t\t\t<div class=\"elementor-widget-container\">\n\t\t\t\t\t\t\t\t\t<p>Les grands vins allemands sont en plein essor. Il n'est pas facile de faire un choix parmi la vaste s\u00e9lection, c'est pourquoi nous avons cr\u00e9\u00e9 l'abonnement vin. Les vins de cet abonnement sont s\u00e9lectionn\u00e9s pour leur \u00e9l\u00e9gance, leur authenticit\u00e9 et leur plaisir \u00e0 boire. Ce sont des vins avec leur propre histoire, cr\u00e9\u00e9s par des vignerons passionn\u00e9s.<\/p><p>Pour chaque abonnement, vous recevrez une lettre avec l'histoire du vin, un plat d'accompagnement, la temp\u00e9rature de service id\u00e9ale et le moment parfait pour en profiter.<\/p><p><strong><br \/>Nous avons 2 formules :<\/strong><\/p><p><strong>FORMULE 1 :<\/strong> <br \/>\u2013 6 vins diff\u00e9rents livr\u00e9s \u00e0 domicile 4 fois par an <br \/>\u2013 Vous recevez donc un total de 24 vins diff\u00e9rents par an<br \/>\u2013 Prix par paquet 94 \u20ac (tout compris)<\/p><p><strong>FORMULE 2 :<\/strong> <br \/>\u2013 12 bouteilles livr\u00e9es \u00e0 domicile 4 fois par an<br \/>\u2013 Vous recevez 24 vins diff\u00e9rents par an, soit 2 bouteilles par vin). <br \/>\u2013 Prix par paquet 178 \u20ac (tout compris)<\/p><p>Vous recevez une facture 2 fois par an.<\/p><p><b>Contactez-nous pour vous inscrire \u00e0 notre abonnement vin<\/b><\/p>\t\t\t\t\t\t\t\t<\/div>\n\t\t\t\t<\/div>\n\t\t\t\t<div class=\"elementor-element elementor-element-1f4ba7ac elementor-align-left elementor-widget elementor-widget-button\" data-id=\"1f4ba7ac\" data-element_type=\"widget\" data-settings=\"{&quot;_animation&quot;:&quot;none&quot;}\" data-widget_type=\"button.default\">\n\t\t\t\t<div class=\"elementor-widget-container\">\n\t\t\t\t\t\t\t\t\t<div class=\"elementor-button-wrapper\">\n\t\t\t\t\t<a class=\"elementor-button elementor-button-link elementor-size-sm\" href=\"\/contact\">\n\t\t\t\t\t\t<span class=\"elementor-button-content-wrapper\">\n\t\t\t\t\t\t<span class=\"elementor-button-icon\">\n\t\t\t\t<svg aria-hidden=\"true\" class=\"e-font-icon-svg e-far-arrow-alt-circle-right\" viewbox=\"0 0 512 512\" xmlns=\"http:\/\/www.w3.org\/2000\/svg\"><path d=\"M504 256C504 119 393 8 256 8S8 119 8 256s111 248 248 248 248-111 248-248zm-448 0c0-110.5 89.5-200 200-200s200 89.5 200 200-89.5 200-200 200S56 366.5 56 256zm72 20v-40c0-6.6 5.4-12 12-12h116v-67c0-10.7 12.9-16 20.5-8.5l99 99c4.7 4.7 4.7 12.3 0 17l-99 99c-7.6 7.6-20.5 2.2-20.5-8.5v-67H140c-6.6 0-12-5.4-12-12z\"><\/path><\/svg>\t\t\t<\/span>\n\t\t\t\t\t\t\t\t\t<span class=\"elementor-button-text\">Contactez-nous <\/span>\n\t\t\t\t\t<\/span>\n\t\t\t\t\t<\/a>\n\t\t\t\t<\/div>\n\t\t\t\t\t\t\t\t<\/div>\n\t\t\t\t<\/div>\n\t\t\t\t\t<\/div>\n\t\t<\/div>\n\t\t\t\t<div class=\"elementor-column elementor-col-50 elementor-top-column elementor-element elementor-element-3e15285c\" data-id=\"3e15285c\" data-element_type=\"column\">\n\t\t\t<div class=\"elementor-widget-wrap elementor-element-populated\">\n\t\t\t\t\t\t<div class=\"elementor-element elementor-element-6fc2edc1 elementor-widget elementor-widget-image\" data-id=\"6fc2edc1\" data-element_type=\"widget\" data-widget_type=\"image.default\">\n\t\t\t\t<div class=\"elementor-widget-container\">\n\t\t\t\t\t\t\t\t\t\t\t\t\t\t\t<img fetchpriority=\"high\" decoding=\"async\" width=\"683\" height=\"1024\" src=\"https:\/\/langbeenduitsetopwijn.be\/wp-content\/uploads\/2025\/11\/vineyards-in-oltrepo-pavese-italy-at-springtime-2025-01-07-15-58-47-utc_11zon-683x1024.jpg\" class=\"attachment-large size-large wp-image-2079\" alt=\"\" srcset=\"https:\/\/langbeenduitsetopwijn.be\/wp-content\/uploads\/2025\/11\/vineyards-in-oltrepo-pavese-italy-at-springtime-2025-01-07-15-58-47-utc_11zon-683x1024.jpg 683w, https:\/\/langbeenduitsetopwijn.be\/wp-content\/uploads\/2025\/11\/vineyards-in-oltrepo-pavese-italy-at-springtime-2025-01-07-15-58-47-utc_11zon-200x300.jpg 200w, https:\/\/langbeenduitsetopwijn.be\/wp-content\/uploads\/2025\/11\/vineyards-in-oltrepo-pavese-italy-at-springtime-2025-01-07-15-58-47-utc_11zon-768x1152.jpg 768w, https:\/\/langbeenduitsetopwijn.be\/wp-content\/uploads\/2025\/11\/vineyards-in-oltrepo-pavese-italy-at-springtime-2025-01-07-15-58-47-utc_11zon-1024x1536.jpg 1024w, https:\/\/langbeenduitsetopwijn.be\/wp-content\/uploads\/2025\/11\/vineyards-in-oltrepo-pavese-italy-at-springtime-2025-01-07-15-58-47-utc_11zon-1365x2048.jpg 1365w, https:\/\/langbeenduitsetopwijn.be\/wp-content\/uploads\/2025\/11\/vineyards-in-oltrepo-pavese-italy-at-springtime-2025-01-07-15-58-47-utc_11zon-8x12.jpg 8w, https:\/\/langbeenduitsetopwijn.be\/wp-content\/uploads\/2025\/11\/vineyards-in-oltrepo-pavese-italy-at-springtime-2025-01-07-15-58-47-utc_11zon-scaled.jpg 1706w\" sizes=\"(max-width: 683px) 100vw, 683px\" \/>\t\t\t\t\t\t\t\t\t\t\t\t\t\t\t<\/div>\n\t\t\t\t<\/div>\n\t\t\t\t\t<\/div>\n\t\t<\/div>\n\t\t\t\t\t<\/div>\n\t\t<\/section>\n\t\t\t\t<\/div>","protected":false},"excerpt":{"rendered":"<p>Abonnementsformule Home Abonnementsformule Wijnabonnement Onze abonnementsformules Duitse topwijnen zijn aan een steile opgang bezig. Een keuze maken uit het ruime aanbod is niet gemakkelijk, daarom hebben we voor u het wijnabonnement in het leven geroepen. De wijnen in het abonnement zijn geselecteerd op elegantie, authenticiteit en drinkvreugde. Het zijn wijnen met een eigen verhaal, gemaakt [&hellip;]<\/p>","protected":false},"author":3,"featured_media":0,"parent":0,"menu_order":0,"comment_status":"closed","ping_status":"closed","template":"","meta":{"footnotes":""},"class_list":["post-1955","page","type-page","status-publish","hentry"],"_links":{"self":[{"href":"https:\/\/langbeenduitsetopwijn.be\/fr\/wp-json\/wp\/v2\/pages\/1955","targetHints":{"allow":["GET"]}}],"collection":[{"href":"https:\/\/langbeenduitsetopwijn.be\/fr\/wp-json\/wp\/v2\/pages"}],"about":[{"href":"https:\/\/langbeenduitsetopwijn.be\/fr\/wp-json\/wp\/v2\/types\/page"}],"author":[{"embeddable":true,"href":"https:\/\/langbeenduitsetopwijn.be\/fr\/wp-json\/wp\/v2\/users\/3"}],"replies":[{"embeddable":true,"href":"https:\/\/langbeenduitsetopwijn.be\/fr\/wp-json\/wp\/v2\/comments?post=1955"}],"version-history":[{"count":0,"href":"https:\/\/langbeenduitsetopwijn.be\/fr\/wp-json\/wp\/v2\/pages\/1955\/revisions"}],"wp:attachment":[{"href":"https:\/\/langbeenduitsetopwijn.be\/fr\/wp-json\/wp\/v2\/media?parent=1955"}],"curies":[{"name":"wp","href":"https:\/\/api.w.org\/{rel}","templated":true}]}}